{"id":20,"date":"2018-05-01T04:23:07","date_gmt":"2018-05-01T03:23:07","guid":{"rendered":"http:\/\/atomic.oxy.host\/?page_id=236"},"modified":"2023-07-18T11:52:11","modified_gmt":"2023-07-18T08:52:11","slug":"info-korteriuhistu-liikmetele","status":"publish","type":"page","link":"https:\/\/fonolukk.pro\/ru\/info-korteriuhistu-liikmetele\/","title":{"rendered":"\u0416\u0438\u043b\u044c\u0446\u0443 \u041a\u0422"},"content":{"rendered":"","protected":false},"excerpt":{"rendered":"","protected":false},"author":1,"featured_media":0,"parent":0,"menu_order":0,"comment_status":"closed","ping_status":"closed","template":"","meta":{"footnotes":""},"class_list":["post-20","page","type-page","status-publish","hentry"],"yoast_head":"<!-- This site is optimized with the Yoast SEO plugin v23.7 - https:\/\/yoast.com\/wordpress\/plugins\/seo\/ -->\n<title>Fonolukk PRO | Videofonide paigaldamine ja hooldus<\/title>\n<meta name=\"description\" content=\"L\u00e4bip\u00e4\u00e4su s\u00fcsteem Fonolukk PRO teenusena on suurep\u00e4rane alternatiiv seadmete traditsioonilisele ostmisele ja paigaldamisele. Pakume tasuta seadmeid ja videofonide paigaldust, samuti l\u00e4bip\u00e4\u00e4sus\u00fcsteemi fikseeritud rendihinda. Eriti mugav on see, et saate trepikoja ukse avada otse oma mobiiltelefonist. J\u00e4tke sooviavaldus kohe!\" \/>\n<meta name=\"robots\" content=\"index, follow, max-snippet:-1, max-image-preview:large, max-video-preview:-1\" \/>\n<link rel=\"canonical\" href=\"https:\/\/fonolukk.pro\/ru\/info-korteriuhistu-liikmetele\/\" \/>\n<meta property=\"og:locale\" content=\"ru_RU\" \/>\n<meta property=\"og:type\" content=\"article\" \/>\n<meta property=\"og:title\" content=\"Fonolukk PRO | Videofonide paigaldamine ja hooldus\" \/>\n<meta property=\"og:description\" content=\"L\u00e4bip\u00e4\u00e4su s\u00fcsteem Fonolukk PRO teenusena on suurep\u00e4rane alternatiiv seadmete traditsioonilisele ostmisele ja paigaldamisele. Pakume tasuta seadmeid ja videofonide paigaldust, samuti l\u00e4bip\u00e4\u00e4sus\u00fcsteemi fikseeritud rendihinda. Eriti mugav on see, et saate trepikoja ukse avada otse oma mobiiltelefonist. J\u00e4tke sooviavaldus kohe!\" \/>\n<meta property=\"og:url\" content=\"https:\/\/fonolukk.pro\/ru\/info-korteriuhistu-liikmetele\/\" \/>\n<meta property=\"og:site_name\" content=\"Fonolukk PRO\" \/>\n<meta property=\"article:modified_time\" content=\"2023-07-18T08:52:11+00:00\" \/>\n<meta name=\"twitter:card\" content=\"summary_large_image\" \/>\n<script type=\"application\/ld+json\" class=\"yoast-schema-graph\">{\"@context\":\"https:\/\/schema.org\",\"@graph\":[{\"@type\":\"WebPage\",\"@id\":\"https:\/\/fonolukk.pro\/ru\/info-korteriuhistu-liikmetele\/\",\"url\":\"https:\/\/fonolukk.pro\/ru\/info-korteriuhistu-liikmetele\/\",\"name\":\"Fonolukk PRO | Videofonide paigaldamine ja hooldus\",\"isPartOf\":{\"@id\":\"https:\/\/fonolukk.pro\/ru\/#website\"},\"datePublished\":\"2018-05-01T03:23:07+00:00\",\"dateModified\":\"2023-07-18T08:52:11+00:00\",\"description\":\"L\u00e4bip\u00e4\u00e4su s\u00fcsteem Fonolukk PRO teenusena on suurep\u00e4rane alternatiiv seadmete traditsioonilisele ostmisele ja paigaldamisele. Pakume tasuta seadmeid ja videofonide paigaldust, samuti l\u00e4bip\u00e4\u00e4sus\u00fcsteemi fikseeritud rendihinda. Eriti mugav on see, et saate trepikoja ukse avada otse oma mobiiltelefonist. J\u00e4tke sooviavaldus kohe!\",\"breadcrumb\":{\"@id\":\"https:\/\/fonolukk.pro\/ru\/info-korteriuhistu-liikmetele\/#breadcrumb\"},\"inLanguage\":\"ru-RU\",\"potentialAction\":[{\"@type\":\"ReadAction\",\"target\":[\"https:\/\/fonolukk.pro\/ru\/info-korteriuhistu-liikmetele\/\"]}]},{\"@type\":\"BreadcrumbList\",\"@id\":\"https:\/\/fonolukk.pro\/ru\/info-korteriuhistu-liikmetele\/#breadcrumb\",\"itemListElement\":[{\"@type\":\"ListItem\",\"position\":1,\"name\":\"Home\",\"item\":\"https:\/\/fonolukk.pro\/ru\/\"},{\"@type\":\"ListItem\",\"position\":2,\"name\":\"K\u00dc liikmetele\"}]},{\"@type\":\"WebSite\",\"@id\":\"https:\/\/fonolukk.pro\/ru\/#website\",\"url\":\"https:\/\/fonolukk.pro\/ru\/\",\"name\":\"Fonolukk PRO\",\"description\":\"Fonolukkude paigaldus ja hooldus Tallinnas\",\"publisher\":{\"@id\":\"https:\/\/fonolukk.pro\/ru\/#organization\"},\"potentialAction\":[{\"@type\":\"SearchAction\",\"target\":{\"@type\":\"EntryPoint\",\"urlTemplate\":\"https:\/\/fonolukk.pro\/ru\/?s={search_term_string}\"},\"query-input\":{\"@type\":\"PropertyValueSpecification\",\"valueRequired\":true,\"valueName\":\"search_term_string\"}}],\"inLanguage\":\"ru-RU\"},{\"@type\":\"Organization\",\"@id\":\"https:\/\/fonolukk.pro\/ru\/#organization\",\"name\":\"Fonolukk PRO\",\"url\":\"https:\/\/fonolukk.pro\/ru\/\",\"logo\":{\"@type\":\"ImageObject\",\"inLanguage\":\"ru-RU\",\"@id\":\"https:\/\/fonolukk.pro\/ru\/#\/schema\/logo\/image\/\",\"url\":\"http:\/\/fonolukk.pro\/wp-content\/uploads\/2023\/07\/cropped-111.jpg\",\"contentUrl\":\"http:\/\/fonolukk.pro\/wp-content\/uploads\/2023\/07\/cropped-111.jpg\",\"width\":512,\"height\":512,\"caption\":\"Fonolukk PRO\"},\"image\":{\"@id\":\"https:\/\/fonolukk.pro\/ru\/#\/schema\/logo\/image\/\"}}]}<\/script>\n<!-- \/ Yoast SEO plugin. -->","yoast_head_json":{"title":"Fonolukk PRO | Videofonide paigaldamine ja hooldus","description":"L\u00e4bip\u00e4\u00e4su s\u00fcsteem Fonolukk PRO teenusena on suurep\u00e4rane alternatiiv seadmete traditsioonilisele ostmisele ja paigaldamisele. Pakume tasuta seadmeid ja videofonide paigaldust, samuti l\u00e4bip\u00e4\u00e4sus\u00fcsteemi fikseeritud rendihinda. Eriti mugav on see, et saate trepikoja ukse avada otse oma mobiiltelefonist. J\u00e4tke sooviavaldus kohe!","robots":{"index":"index","follow":"follow","max-snippet":"max-snippet:-1","max-image-preview":"max-image-preview:large","max-video-preview":"max-video-preview:-1"},"canonical":"https:\/\/fonolukk.pro\/ru\/info-korteriuhistu-liikmetele\/","og_locale":"ru_RU","og_type":"article","og_title":"Fonolukk PRO | Videofonide paigaldamine ja hooldus","og_description":"L\u00e4bip\u00e4\u00e4su s\u00fcsteem Fonolukk PRO teenusena on suurep\u00e4rane alternatiiv seadmete traditsioonilisele ostmisele ja paigaldamisele. Pakume tasuta seadmeid ja videofonide paigaldust, samuti l\u00e4bip\u00e4\u00e4sus\u00fcsteemi fikseeritud rendihinda. Eriti mugav on see, et saate trepikoja ukse avada otse oma mobiiltelefonist. J\u00e4tke sooviavaldus kohe!","og_url":"https:\/\/fonolukk.pro\/ru\/info-korteriuhistu-liikmetele\/","og_site_name":"Fonolukk PRO","article_modified_time":"2023-07-18T08:52:11+00:00","twitter_card":"summary_large_image","schema":{"@context":"https:\/\/schema.org","@graph":[{"@type":"WebPage","@id":"https:\/\/fonolukk.pro\/ru\/info-korteriuhistu-liikmetele\/","url":"https:\/\/fonolukk.pro\/ru\/info-korteriuhistu-liikmetele\/","name":"Fonolukk PRO | Videofonide paigaldamine ja hooldus","isPartOf":{"@id":"https:\/\/fonolukk.pro\/ru\/#website"},"datePublished":"2018-05-01T03:23:07+00:00","dateModified":"2023-07-18T08:52:11+00:00","description":"L\u00e4bip\u00e4\u00e4su s\u00fcsteem Fonolukk PRO teenusena on suurep\u00e4rane alternatiiv seadmete traditsioonilisele ostmisele ja paigaldamisele. Pakume tasuta seadmeid ja videofonide paigaldust, samuti l\u00e4bip\u00e4\u00e4sus\u00fcsteemi fikseeritud rendihinda. Eriti mugav on see, et saate trepikoja ukse avada otse oma mobiiltelefonist. J\u00e4tke sooviavaldus kohe!","breadcrumb":{"@id":"https:\/\/fonolukk.pro\/ru\/info-korteriuhistu-liikmetele\/#breadcrumb"},"inLanguage":"ru-RU","potentialAction":[{"@type":"ReadAction","target":["https:\/\/fonolukk.pro\/ru\/info-korteriuhistu-liikmetele\/"]}]},{"@type":"BreadcrumbList","@id":"https:\/\/fonolukk.pro\/ru\/info-korteriuhistu-liikmetele\/#breadcrumb","itemListElement":[{"@type":"ListItem","position":1,"name":"Home","item":"https:\/\/fonolukk.pro\/ru\/"},{"@type":"ListItem","position":2,"name":"K\u00dc liikmetele"}]},{"@type":"WebSite","@id":"https:\/\/fonolukk.pro\/ru\/#website","url":"https:\/\/fonolukk.pro\/ru\/","name":"Fonolukk PRO","description":"Fonolukkude paigaldus ja hooldus Tallinnas","publisher":{"@id":"https:\/\/fonolukk.pro\/ru\/#organization"},"potentialAction":[{"@type":"SearchAction","target":{"@type":"EntryPoint","urlTemplate":"https:\/\/fonolukk.pro\/ru\/?s={search_term_string}"},"query-input":{"@type":"PropertyValueSpecification","valueRequired":true,"valueName":"search_term_string"}}],"inLanguage":"ru-RU"},{"@type":"Organization","@id":"https:\/\/fonolukk.pro\/ru\/#organization","name":"Fonolukk PRO","url":"https:\/\/fonolukk.pro\/ru\/","logo":{"@type":"ImageObject","inLanguage":"ru-RU","@id":"https:\/\/fonolukk.pro\/ru\/#\/schema\/logo\/image\/","url":"http:\/\/fonolukk.pro\/wp-content\/uploads\/2023\/07\/cropped-111.jpg","contentUrl":"http:\/\/fonolukk.pro\/wp-content\/uploads\/2023\/07\/cropped-111.jpg","width":512,"height":512,"caption":"Fonolukk PRO"},"image":{"@id":"https:\/\/fonolukk.pro\/ru\/#\/schema\/logo\/image\/"}}]}},"_links":{"self":[{"href":"https:\/\/fonolukk.pro\/ru\/wp-json\/wp\/v2\/pages\/20"}],"collection":[{"href":"https:\/\/fonolukk.pro\/ru\/wp-json\/wp\/v2\/pages"}],"about":[{"href":"https:\/\/fonolukk.pro\/ru\/wp-json\/wp\/v2\/types\/page"}],"author":[{"embeddable":true,"href":"https:\/\/fonolukk.pro\/ru\/wp-json\/wp\/v2\/users\/1"}],"replies":[{"embeddable":true,"href":"https:\/\/fonolukk.pro\/ru\/wp-json\/wp\/v2\/comments?post=20"}],"version-history":[{"count":3,"href":"https:\/\/fonolukk.pro\/ru\/wp-json\/wp\/v2\/pages\/20\/revisions"}],"predecessor-version":[{"id":64,"href":"https:\/\/fonolukk.pro\/ru\/wp-json\/wp\/v2\/pages\/20\/revisions\/64"}],"wp:attachment":[{"href":"https:\/\/fonolukk.pro\/ru\/wp-json\/wp\/v2\/media?parent=20"}],"curies":[{"name":"wp","href":"https:\/\/api.w.org\/{rel}","templated":true}]}}